{"id":485,"date":"2025-05-10T15:32:55","date_gmt":"2025-05-10T13:32:55","guid":{"rendered":"https:\/\/www.bitflinx.com\/fraktionaler-cto-fuer-wachsende-unternehmen\/"},"modified":"2025-09-12T20:33:36","modified_gmt":"2025-09-12T18:33:36","slug":"fraktionaler-cto-fuer-wachsende-unternehmen","status":"publish","type":"page","link":"https:\/\/www.bitflinx.com\/de\/","title":{"rendered":"Fractional CTO f\u00fcr Ihren KI-Start und Wachstum"},"content":{"rendered":"<div class=\"wpb-content-wrapper\"><p>[vc_row unlock_row_content=&#8220;yes&#8220; row_height_percent=&#8220;0&#8243; override_padding=&#8220;yes&#8220; h_padding=&#8220;0&#8243; top_padding=&#8220;0&#8243; bottom_padding=&#8220;0&#8243; back_color=&#8220;accent&#8220; overlay_alpha=&#8220;50&#8243; equal_height=&#8220;yes&#8220; gutter_size=&#8220;0&#8243; column_width_percent=&#8220;100&#8243; shift_y=&#8220;0&#8243; z_index=&#8220;0&#8243; medium_visibility=&#8220;yes&#8220; mobile_visibility=&#8220;yes&#8220; inverted_device_order=&#8220;yes&#8220; content_parallax=&#8220;0&#8243; uncode_shortcode_id=&#8220;801259&#8243; back_color_type=&#8220;uncode-palette&#8220; el_class=&#8220;header-row&#8220;][vc_column column_width_percent=&#8220;100&#8243; gutter_size=&#8220;3&#8243; back_image=&#8220;425&#8243; back_position=&#8220;left top&#8220; parallax=&#8220;yes&#8220; kburns=&#8220;yes&#8220; overlay_alpha=&#8220;50&#8243; shift_x=&#8220;0&#8243; shift_y=&#8220;0&#8243; shift_y_down=&#8220;0&#8243; z_index=&#8220;0&#8243; medium_width=&#8220;0&#8243; mobile_width=&#8220;0&#8243; width=&#8220;1\/2&#8243; uncode_shortcode_id=&#8220;157640&#8243; mobile_height=&#8220;400&#8243;][\/vc_column][vc_column column_width_percent=&#8220;100&#8243; gutter_size=&#8220;3&#8243; override_padding=&#8220;yes&#8220; column_padding=&#8220;4&#8243; style=&#8220;dark&#8220; overlay_alpha=&#8220;50&#8243; shift_x=&#8220;0&#8243; shift_y=&#8220;0&#8243; shift_y_down=&#8220;0&#8243; z_index=&#8220;0&#8243; medium_width=&#8220;0&#8243; align_mobile=&#8220;align_left_mobile&#8220; mobile_width=&#8220;0&#8243; css_animation=&#8220;alpha-anim&#8220; animation_speed=&#8220;1000&#8243; width=&#8220;1\/2&#8243; uncode_shortcode_id=&#8220;173078&#8243;][vc_custom_heading text_size=&#8220;fontsize-338686&#8243; uncode_shortcode_id=&#8220;107195&#8243;]Fractional CTO f\u00fcr Ihren KI-Start und Wachstum[\/vc_custom_heading][vc_custom_heading text_height=&#8220;fontheight-357766&#8243; uncode_shortcode_id=&#8220;179472&#8243;]Ich unterst\u00fctze kleine und mittlere Unternehmen bei der Implementierung von KI, dem Aufbau interner Technologieteams und der Transformation von Ideen in sichere, skalierbare digitale L\u00f6sungen.[\/vc_custom_heading][vc_button button_color=&#8220;color-758381&#8243; size=&#8220;btn-lg&#8220; radius=&#8220;btn-round&#8220; border_width=&#8220;0&#8243; button_color_type=&#8220;uncode-palette&#8220; uncode_shortcode_id=&#8220;202138&#8243; link=&#8220;url:https%3A%2F%2Fcalendly.com%2Fbitflinx%2F30min|target:_blank|&#8220;]Buchen Sie ein kostenloses Erstgespr\u00e4ch[\/vc_button][\/vc_column][\/vc_row][vc_row unlock_row_content=&#8220;yes&#8220; row_height_percent=&#8220;100&#8243; override_padding=&#8220;yes&#8220; h_padding=&#8220;0&#8243; top_padding=&#8220;0&#8243; bottom_padding=&#8220;0&#8243; back_color=&#8220;accent&#8220; overlay_alpha=&#8220;50&#8243; equal_height=&#8220;yes&#8220; gutter_size=&#8220;0&#8243; column_width_percent=&#8220;100&#8243; shift_y=&#8220;0&#8243; z_index=&#8220;0&#8243; desktop_visibility=&#8220;yes&#8220; inverted_device_order=&#8220;yes&#8220; content_parallax=&#8220;0&#8243; uncode_shortcode_id=&#8220;214001&#8243; back_color_type=&#8220;uncode-palette&#8220; el_class=&#8220;header-row&#8220;][vc_column column_width_percent=&#8220;100&#8243; gutter_size=&#8220;3&#8243; overlay_alpha=&#8220;50&#8243; shift_x=&#8220;0&#8243; shift_y=&#8220;0&#8243; shift_y_down=&#8220;0&#8243; z_index=&#8220;0&#8243; medium_width=&#8220;0&#8243; mobile_width=&#8220;0&#8243; width=&#8220;1\/2&#8243; uncode_shortcode_id=&#8220;132775&#8243; mobile_height=&#8220;400&#8243;][vc_single_image media=&#8220;427&#8243; media_width_percent=&#8220;100&#8243; uncode_shortcode_id=&#8220;239384&#8243;][\/vc_column][vc_column column_width_percent=&#8220;100&#8243; gutter_size=&#8220;3&#8243; override_padding=&#8220;yes&#8220; column_padding=&#8220;4&#8243; style=&#8220;dark&#8220; overlay_alpha=&#8220;50&#8243; shift_x=&#8220;0&#8243; shift_y=&#8220;0&#8243; shift_y_down=&#8220;0&#8243; z_index=&#8220;0&#8243; medium_width=&#8220;0&#8243; align_mobile=&#8220;align_left_mobile&#8220; mobile_width=&#8220;0&#8243; css_animation=&#8220;alpha-anim&#8220; animation_speed=&#8220;1000&#8243; width=&#8220;1\/2&#8243; uncode_shortcode_id=&#8220;132177&#8243;][vc_custom_heading text_size=&#8220;fontsize-338686&#8243; uncode_shortcode_id=&#8220;450456&#8243;]Fractional CTO f\u00fcr Ihren KI-Start und Wachstum[\/vc_custom_heading][vc_custom_heading text_height=&#8220;fontheight-357766&#8243; uncode_shortcode_id=&#8220;592970&#8243;]Ich unterst\u00fctze kleine und mittlere Unternehmen bei der Implementierung von KI, dem Aufbau interner Technologieteams und der Transformation von Ideen in sichere, skalierbare digitale L\u00f6sungen.[\/vc_custom_heading][vc_button button_color=&#8220;color-758381&#8243; size=&#8220;btn-lg&#8220; radius=&#8220;btn-round&#8220; border_width=&#8220;0&#8243; button_color_type=&#8220;uncode-palette&#8220; uncode_shortcode_id=&#8220;202138&#8243; link=&#8220;url:https%3A%2F%2Fcalendly.com%2Fbitflinx%2F30min|target:_blank|&#8220;]Buchen Sie ein kostenloses Erstgespr\u00e4ch[\/vc_button][\/vc_column][\/vc_row][vc_row unlock_row_content=&#8220;yes&#8220; row_height_percent=&#8220;0&#8243; override_padding=&#8220;yes&#8220; h_padding=&#8220;0&#8243; top_padding=&#8220;0&#8243; bottom_padding=&#8220;0&#8243; overlay_alpha=&#8220;50&#8243; equal_height=&#8220;yes&#8220; gutter_size=&#8220;0&#8243; column_width_percent=&#8220;100&#8243; shift_y=&#8220;0&#8243; z_index=&#8220;0&#8243; medium_visibility=&#8220;yes&#8220; mobile_visibility=&#8220;yes&#8220; content_parallax=&#8220;0&#8243; el_class=&#8220;inverted-device-order&#8220; uncode_shortcode_id=&#8220;208580&#8243;][vc_column column_width_use_pixel=&#8220;yes&#8220; position_horizontal=&#8220;left&#8220; gutter_size=&#8220;3&#8243; override_padding=&#8220;yes&#8220; column_padding=&#8220;4&#8243; overlay_alpha=&#8220;50&#8243; shift_x=&#8220;0&#8243; shift_y=&#8220;0&#8243; shift_y_down=&#8220;0&#8243; z_index=&#8220;0&#8243; medium_width=&#8220;0&#8243; mobile_width=&#8220;0&#8243; width=&#8220;1\/2&#8243; uncode_shortcode_id=&#8220;197134&#8243;][vc_custom_heading text_color=&#8220;accent&#8220; heading_semantic=&#8220;h6&#8243; text_size=&#8220;fontsize-160000&#8243; text_transform=&#8220;uppercase&#8220; text_space=&#8220;fontspace-135905&#8243; uncode_shortcode_id=&#8220;128324&#8243; text_color_type=&#8220;uncode-palette&#8220;]Mit wem ich zusammenarbeite[\/vc_custom_heading][vc_custom_heading text_size=&#8220;fontsize-155944&#8243; uncode_shortcode_id=&#8220;149413&#8243;]F\u00fcr Entscheidungstr\u00e4ger, die bereit sind zu wachsen[\/vc_custom_heading][vc_column_text text_lead=&#8220;yes&#8220; uncode_shortcode_id=&#8220;139847&#8243;]<\/p>\n<p data-pm-slice=\"1 1 []\">Ich kooperiere mit Unternehmern, Gr\u00fcndern und vision\u00e4ren F\u00fchrungskr\u00e4ften in kleinen und mittleren Unternehmen, die bereit sind, ihre Technologie auf die n\u00e4chste Stufe zu heben.<\/p>\n<p>[\/vc_column_text][vc_button button_color=&#8220;color-907357&#8243; size=&#8220;btn-lg&#8220; radius=&#8220;btn-round&#8220; border_width=&#8220;0&#8243; link=&#8220;url:https%3A%2F%2Fwww.bitflinx.com%2Fde%2Fmeine-rolle-als-fractional-cto%2F|title:Meine%20Rolle%20als%20Fractional%20CTO&#8220; button_color_type=&#8220;uncode-palette&#8220; uncode_shortcode_id=&#8220;192502&#8243;]Meine Rolle als Fractional CTO[\/vc_button][\/vc_column][vc_column column_width_percent=&#8220;100&#8243; gutter_size=&#8220;3&#8243; override_padding=&#8220;yes&#8220; column_padding=&#8220;4&#8243; overlay_alpha=&#8220;50&#8243; shift_x=&#8220;0&#8243; shift_y=&#8220;0&#8243; shift_y_down=&#8220;0&#8243; z_index=&#8220;0&#8243; medium_width=&#8220;0&#8243; mobile_width=&#8220;0&#8243; width=&#8220;1\/2&#8243; mobile_height=&#8220;340&#8243; uncode_shortcode_id=&#8220;325445&#8243;][vc_custom_heading text_color=&#8220;accent&#8220; heading_semantic=&#8220;h6&#8243; text_size=&#8220;fontsize-160000&#8243; text_transform=&#8220;uppercase&#8220; text_space=&#8220;fontspace-135905&#8243; uncode_shortcode_id=&#8220;207049&#8243; text_color_type=&#8220;uncode-palette&#8220;]Kein Plan? Kein Problem![\/vc_custom_heading][vc_custom_heading text_size=&#8220;fontsize-155944&#8243; uncode_shortcode_id=&#8220;947251&#8243;]F\u00fcr F\u00fchrungskr\u00e4fte, die nicht wissen, wo sie anfangen sollen[\/vc_custom_heading][vc_column_text text_lead=&#8220;yes&#8220; uncode_shortcode_id=&#8220;304798&#8243;]<\/p>\n<p data-pm-slice=\"1 1 []\">Die meisten meiner Kunden starten mit Unsicherheit. Ich schaffe Klarheit, bewerte Ihre Situation und entwickle einen klaren Fahrplan, damit Sie mit Zuversicht vorangehen k\u00f6nnen, ganz ohne tiefes Technik-Know-how.<\/p>\n<p>[\/vc_column_text][vc_button button_color=&#8220;color-907357&#8243; size=&#8220;btn-lg&#8220; radius=&#8220;btn-round&#8220; border_width=&#8220;0&#8243; link=&#8220;url:https%3A%2F%2Fcalendly.com%2Fbitflinx%2F30min|title:Meine%20Rolle%20als%20Fractional%20CTO|target:_blank&#8220; button_color_type=&#8220;uncode-palette&#8220; uncode_shortcode_id=&#8220;169471&#8243;]Gemeinsam M\u00f6glichkeiten entdecken[\/vc_button][vc_column_text text_lead=&#8220;yes&#8220; uncode_shortcode_id=&#8220;157066&#8243;]Noch nicht bereit f\u00fcr ein Gespr\u00e4ch? <a style=\"color: #009fe3;\" href=\"#contact-form\">Schicken Sie mir stattdessen eine Nachricht.<\/a>[\/vc_column_text][\/vc_column][\/vc_row][vc_row unlock_row_content=&#8220;yes&#8220; row_height_percent=&#8220;0&#8243; override_padding=&#8220;yes&#8220; h_padding=&#8220;0&#8243; top_padding=&#8220;0&#8243; bottom_padding=&#8220;0&#8243; overlay_alpha=&#8220;50&#8243; equal_height=&#8220;yes&#8220; gutter_size=&#8220;0&#8243; column_width_percent=&#8220;100&#8243; shift_y=&#8220;0&#8243; z_index=&#8220;0&#8243; desktop_visibility=&#8220;yes&#8220; content_parallax=&#8220;0&#8243; el_class=&#8220;inverted-device-order&#8220; uncode_shortcode_id=&#8220;473370&#8243;][vc_column column_width_use_pixel=&#8220;yes&#8220; position_horizontal=&#8220;left&#8220; gutter_size=&#8220;3&#8243; override_padding=&#8220;yes&#8220; column_padding=&#8220;4&#8243; overlay_alpha=&#8220;50&#8243; shift_x=&#8220;0&#8243; shift_y=&#8220;0&#8243; shift_y_down=&#8220;0&#8243; z_index=&#8220;0&#8243; medium_width=&#8220;0&#8243; mobile_width=&#8220;0&#8243; width=&#8220;1\/1&#8243; uncode_shortcode_id=&#8220;197134&#8243;][vc_custom_heading text_color=&#8220;accent&#8220; heading_semantic=&#8220;h6&#8243; text_size=&#8220;fontsize-160000&#8243; text_transform=&#8220;uppercase&#8220; text_space=&#8220;fontspace-135905&#8243; uncode_shortcode_id=&#8220;207049&#8243; text_color_type=&#8220;uncode-palette&#8220;]Kein Plan? Kein Problem![\/vc_custom_heading][vc_custom_heading text_size=&#8220;fontsize-155944&#8243; uncode_shortcode_id=&#8220;204181&#8243;]F\u00fcr F\u00fchrungskr\u00e4fte, die nicht wissen, wo sie anfangen sollen[\/vc_custom_heading][vc_column_text text_lead=&#8220;yes&#8220; uncode_shortcode_id=&#8220;304798&#8243;]<\/p>\n<p data-pm-slice=\"1 1 []\">Die meisten meiner Kunden starten mit Unsicherheit. Ich schaffe Klarheit, bewerte Ihre Situation und entwickle einen klaren Fahrplan, damit Sie mit Zuversicht vorangehen k\u00f6nnen, ganz ohne tiefes Technik-Know-how.<\/p>\n<p>[\/vc_column_text][vc_button button_color=&#8220;color-907357&#8243; size=&#8220;btn-lg&#8220; radius=&#8220;btn-round&#8220; border_width=&#8220;0&#8243; link=&#8220;url:https%3A%2F%2Fcalendly.com%2Fbitflinx%2F30min|title:Meine%20Rolle%20als%20Fractional%20CTO|target:_blank&#8220; button_color_type=&#8220;uncode-palette&#8220; uncode_shortcode_id=&#8220;169471&#8243;]Gemeinsam M\u00f6glichkeiten entdecken[\/vc_button][vc_column_text text_lead=&#8220;yes&#8220; uncode_shortcode_id=&#8220;157066&#8243;]Noch nicht bereit f\u00fcr ein Gespr\u00e4ch? <a style=\"color: #009fe3;\" href=\"#contact-form\">Schicken Sie mir stattdessen eine Nachricht.<\/a>[\/vc_column_text][\/vc_column][\/vc_row][vc_row unlock_row_content=&#8220;yes&#8220; row_height_percent=&#8220;0&#8243; override_padding=&#8220;yes&#8220; h_padding=&#8220;0&#8243; top_padding=&#8220;0&#8243; bottom_padding=&#8220;0&#8243; overlay_alpha=&#8220;50&#8243; equal_height=&#8220;yes&#8220; gutter_size=&#8220;0&#8243; column_width_percent=&#8220;100&#8243; shift_y=&#8220;0&#8243; z_index=&#8220;0&#8243; desktop_visibility=&#8220;yes&#8220; content_parallax=&#8220;0&#8243; el_class=&#8220;inverted-device-order&#8220; uncode_shortcode_id=&#8220;473370&#8243;][vc_column column_width_use_pixel=&#8220;yes&#8220; position_horizontal=&#8220;left&#8220; gutter_size=&#8220;3&#8243; override_padding=&#8220;yes&#8220; column_padding=&#8220;4&#8243; overlay_alpha=&#8220;50&#8243; shift_x=&#8220;0&#8243; shift_y=&#8220;0&#8243; shift_y_down=&#8220;0&#8243; z_index=&#8220;0&#8243; medium_width=&#8220;0&#8243; mobile_width=&#8220;0&#8243; width=&#8220;1\/1&#8243; uncode_shortcode_id=&#8220;197134&#8243;][vc_custom_heading text_color=&#8220;accent&#8220; heading_semantic=&#8220;h6&#8243; text_size=&#8220;fontsize-160000&#8243; text_transform=&#8220;uppercase&#8220; text_space=&#8220;fontspace-135905&#8243; uncode_shortcode_id=&#8220;128324&#8243; text_color_type=&#8220;uncode-palette&#8220;]Mit wem ich zusammenarbeite[\/vc_custom_heading][vc_custom_heading text_size=&#8220;fontsize-155944&#8243; uncode_shortcode_id=&#8220;149413&#8243;]F\u00fcr Entscheidungstr\u00e4ger, die bereit sind zu wachsen[\/vc_custom_heading][vc_column_text text_lead=&#8220;yes&#8220; uncode_shortcode_id=&#8220;139847&#8243;]<\/p>\n<p data-pm-slice=\"1 1 []\">Ich kooperiere mit Unternehmern, Gr\u00fcndern und vision\u00e4ren F\u00fchrungskr\u00e4ften in kleinen und mittleren Unternehmen, die bereit sind, ihre Technologie auf die n\u00e4chste Stufe zu heben.<\/p>\n<p>[\/vc_column_text][vc_button button_color=&#8220;color-907357&#8243; size=&#8220;btn-lg&#8220; radius=&#8220;btn-round&#8220; border_width=&#8220;0&#8243; link=&#8220;url:https%3A%2F%2Fwww.bitflinx.com%2Fde%2Fmeine-rolle-als-fractional-cto%2F|title:Meine%20Rolle%20als%20Fractional%20CTO&#8220; button_color_type=&#8220;uncode-palette&#8220; uncode_shortcode_id=&#8220;123871&#8243;]Meine Rolle als Fractional CTO[\/vc_button][\/vc_column][\/vc_row][vc_row unlock_row_content=&#8220;yes&#8220; row_height_percent=&#8220;0&#8243; override_padding=&#8220;yes&#8220; h_padding=&#8220;4&#8243; top_padding=&#8220;2&#8243; bottom_padding=&#8220;5&#8243; overlay_alpha=&#8220;50&#8243; gutter_size=&#8220;3&#8243; column_width_percent=&#8220;100&#8243; shift_y=&#8220;0&#8243; z_index=&#8220;0&#8243; content_parallax=&#8220;0&#8243; uncode_shortcode_id=&#8220;115293&#8243;][vc_column column_width_percent=&#8220;100&#8243; gutter_size=&#8220;4&#8243; overlay_alpha=&#8220;50&#8243; shift_x=&#8220;0&#8243; shift_y=&#8220;0&#8243; shift_y_down=&#8220;0&#8243; z_index=&#8220;0&#8243; medium_width=&#8220;0&#8243; mobile_width=&#8220;0&#8243; width=&#8220;1\/1&#8243; uncode_shortcode_id=&#8220;760002&#8243;][vc_row_inner row_inner_height_percent=&#8220;0&#8243; overlay_alpha=&#8220;50&#8243; gutter_size=&#8220;6&#8243; shift_y=&#8220;0&#8243; z_index=&#8220;0&#8243; limit_content=&#8220;&#8220; uncode_shortcode_id=&#8220;775063&#8243;][vc_column_inner column_width_percent=&#8220;100&#8243; position_vertical=&#8220;middle&#8220; gutter_size=&#8220;3&#8243; overlay_alpha=&#8220;50&#8243; shift_x=&#8220;0&#8243; shift_y=&#8220;0&#8243; shift_y_down=&#8220;0&#8243; z_index=&#8220;0&#8243; medium_width=&#8220;0&#8243; mobile_width=&#8220;0&#8243; width=&#8220;1\/1&#8243; uncode_shortcode_id=&#8220;400306&#8243;][vc_custom_heading text_color=&#8220;accent&#8220; heading_semantic=&#8220;h6&#8243; text_size=&#8220;fontsize-160000&#8243; text_transform=&#8220;uppercase&#8220; text_space=&#8220;fontspace-135905&#8243; uncode_shortcode_id=&#8220;495068&#8243; text_color_type=&#8220;uncode-palette&#8220;]L\u00f6sungen, die ich geliefert habe[\/vc_custom_heading][vc_custom_heading heading_semantic=&#8220;h3&#8243; text_size=&#8220;fontsize-155944&#8243; uncode_shortcode_id=&#8220;214096&#8243;]Digitale Werkzeuge, die reale Gesch\u00e4ftsprobleme l\u00f6sen[\/vc_custom_heading][\/vc_column_inner][\/vc_row_inner][vc_separator sep_color=&#8220;&#8220; uncode_shortcode_id=&#8220;131089&#8243; sep_color_type=&#8220;uncode-solid&#8220; sep_color_solid=&#8220;#c6c5c0&#8243;][vc_row_inner row_inner_height_percent=&#8220;0&#8243; overlay_alpha=&#8220;50&#8243; gutter_size=&#8220;6&#8243; shift_y=&#8220;0&#8243; z_index=&#8220;0&#8243; limit_content=&#8220;&#8220; uncode_shortcode_id=&#8220;118921&#8243;][vc_column_inner column_width_percent=&#8220;100&#8243; gutter_size=&#8220;2&#8243; overlay_alpha=&#8220;50&#8243; shift_x=&#8220;0&#8243; shift_y=&#8220;0&#8243; shift_y_down=&#8220;0&#8243; z_index=&#8220;0&#8243; medium_width=&#8220;0&#8243; mobile_width=&#8220;0&#8243; width=&#8220;1\/3&#8243; uncode_shortcode_id=&#8220;103283&#8243;][vc_custom_heading uncode_shortcode_id=&#8220;357832&#8243;]Intelligente Logistik &amp; Preisgestaltung[\/vc_custom_heading][vc_column_text text_lead=&#8220;yes&#8220; uncode_shortcode_id=&#8220;132407&#8243;]Flottenkoordinationsalgorithmen und dynamische Preislogik, konzipiert zur Optimierung der betrieblichen Effizienz in einer wachsenden Mobilit\u00e4tsplattform.[\/vc_column_text][\/vc_column_inner][vc_column_inner column_width_percent=&#8220;100&#8243; gutter_size=&#8220;2&#8243; overlay_alpha=&#8220;50&#8243; shift_x=&#8220;0&#8243; shift_y=&#8220;0&#8243; shift_y_down=&#8220;0&#8243; z_index=&#8220;0&#8243; medium_width=&#8220;0&#8243; mobile_width=&#8220;0&#8243; width=&#8220;1\/3&#8243; uncode_shortcode_id=&#8220;335620&#8243;][vc_custom_heading heading_semantic=&#8220;h4&#8243; uncode_shortcode_id=&#8220;200526&#8243;]KI-gest\u00fctzte Rekrutierungsplattform (UPFLINX)[\/vc_custom_heading][vc_column_text text_lead=&#8220;yes&#8220; uncode_shortcode_id=&#8220;743014&#8243;]Ein KI-gesteuertes System f\u00fcr technisches Talentmatching, Lebenslaufanalyse und automatisierte Einstellungsabl\u00e4ufe &#8211; vollst\u00e4ndig intern entwickelt.[\/vc_column_text][\/vc_column_inner][vc_column_inner column_width_percent=&#8220;100&#8243; gutter_size=&#8220;2&#8243; overlay_alpha=&#8220;50&#8243; shift_x=&#8220;0&#8243; shift_y=&#8220;0&#8243; shift_y_down=&#8220;0&#8243; z_index=&#8220;0&#8243; medium_width=&#8220;0&#8243; mobile_width=&#8220;0&#8243; width=&#8220;1\/3&#8243; uncode_shortcode_id=&#8220;901981&#8243;][vc_custom_heading heading_semantic=&#8220;h4&#8243; uncode_shortcode_id=&#8220;963179&#8243;]Souver\u00e4nes Chatbot-Framework[\/vc_custom_heading][vc_column_text text_lead=&#8220;yes&#8220; uncode_shortcode_id=&#8220;376925&#8243;]Ein DSGVO-konformer Chatbot, aufgebaut auf Open-Source-Frameworks f\u00fcr sichere, nachhaltige und souver\u00e4ne KI-Interaktion.[\/vc_column_text][\/vc_column_inner][\/vc_row_inner][vc_row_inner row_inner_height_percent=&#8220;0&#8243; overlay_alpha=&#8220;50&#8243; gutter_size=&#8220;6&#8243; shift_y=&#8220;0&#8243; z_index=&#8220;0&#8243; limit_content=&#8220;&#8220; uncode_shortcode_id=&#8220;118921&#8243;][vc_column_inner column_width_percent=&#8220;100&#8243; gutter_size=&#8220;2&#8243; overlay_alpha=&#8220;50&#8243; shift_x=&#8220;0&#8243; shift_y=&#8220;0&#8243; shift_y_down=&#8220;0&#8243; z_index=&#8220;0&#8243; medium_width=&#8220;0&#8243; mobile_width=&#8220;0&#8243; width=&#8220;1\/3&#8243; uncode_shortcode_id=&#8220;103283&#8243;][vc_custom_heading heading_semantic=&#8220;h4&#8243; uncode_shortcode_id=&#8220;150376&#8243;]KI-Assistenten f\u00fcr Recht &amp; Compliance[\/vc_custom_heading][vc_column_text text_lead=&#8220;yes&#8220; uncode_shortcode_id=&#8220;167073&#8243;]Interaktive Bots, die in der Lage sind, Dokumentvorlagen abzurufen, interne Richtlinien zu erl\u00e4utern und Ausnahmen f\u00fcr menschliche \u00dcberpr\u00fcfung zu kennzeichnen.[\/vc_column_text][\/vc_column_inner][vc_column_inner column_width_percent=&#8220;100&#8243; gutter_size=&#8220;2&#8243; overlay_alpha=&#8220;50&#8243; shift_x=&#8220;0&#8243; shift_y=&#8220;0&#8243; shift_y_down=&#8220;0&#8243; z_index=&#8220;0&#8243; medium_width=&#8220;0&#8243; mobile_width=&#8220;0&#8243; width=&#8220;1\/3&#8243; uncode_shortcode_id=&#8220;335620&#8243;][vc_custom_heading heading_semantic=&#8220;h4&#8243; uncode_shortcode_id=&#8220;111436&#8243;]Vertriebsunterst\u00fctzende Bots[\/vc_custom_heading][vc_column_text text_lead=&#8220;yes&#8220; uncode_shortcode_id=&#8220;144970&#8243;]Ma\u00dfgeschneiderte Assistenten, die Kundeninteraktionen, Preishistorien und CRM-Daten aggregieren, um einen effektiveren B2B-Vertrieb zu unterst\u00fctzen.[\/vc_column_text][\/vc_column_inner][vc_column_inner column_width_percent=&#8220;100&#8243; gutter_size=&#8220;2&#8243; overlay_alpha=&#8220;50&#8243; shift_x=&#8220;0&#8243; shift_y=&#8220;0&#8243; shift_y_down=&#8220;0&#8243; z_index=&#8220;0&#8243; medium_width=&#8220;0&#8243; mobile_width=&#8220;0&#8243; width=&#8220;1\/3&#8243; uncode_shortcode_id=&#8220;901981&#8243;][vc_custom_heading heading_semantic=&#8220;h4&#8243; uncode_shortcode_id=&#8220;478591&#8243;]Informationsagenten f\u00fcr den \u00f6ffentlichen Sektor[\/vc_custom_heading][vc_column_text text_lead=&#8220;yes&#8220; uncode_shortcode_id=&#8220;102343&#8243;]Chat-Schnittstellen, entwickelt f\u00fcr Kommunen und \u00f6ffentliche Einrichtungen, um B\u00fcrgerfragen abteilungs\u00fcbergreifend zu beantworten.[\/vc_column_text][\/vc_column_inner][\/vc_row_inner][\/vc_column][\/vc_row][vc_row][vc_column width=&#8220;1\/1&#8243;][uncode_block id=&#8220;745&#8243;][\/vc_column][\/vc_row][vc_row unlock_row_content=&#8220;yes&#8220; row_height_percent=&#8220;0&#8243; override_padding=&#8220;yes&#8220; h_padding=&#8220;0&#8243; top_padding=&#8220;0&#8243; bottom_padding=&#8220;0&#8243; overlay_alpha=&#8220;50&#8243; equal_height=&#8220;yes&#8220; gutter_size=&#8220;0&#8243; column_width_percent=&#8220;100&#8243; shift_y=&#8220;0&#8243; z_index=&#8220;0&#8243; content_parallax=&#8220;0&#8243; el_class=&#8220;inverted-device-order&#8220; uncode_shortcode_id=&#8220;875999&#8243;][vc_column column_width_percent=&#8220;100&#8243; gutter_size=&#8220;3&#8243; back_image=&#8220;430&#8243; back_position=&#8220;left center&#8220; parallax=&#8220;yes&#8220; overlay_alpha=&#8220;50&#8243; shift_x=&#8220;0&#8243; shift_y=&#8220;0&#8243; shift_y_down=&#8220;0&#8243; z_index=&#8220;0&#8243; medium_width=&#8220;0&#8243; mobile_width=&#8220;0&#8243; width=&#8220;1\/2&#8243; mobile_height=&#8220;340&#8243; uncode_shortcode_id=&#8220;517299&#8243;][\/vc_column][vc_column column_width_use_pixel=&#8220;yes&#8220; position_horizontal=&#8220;left&#8220; gutter_size=&#8220;3&#8243; override_padding=&#8220;yes&#8220; column_padding=&#8220;4&#8243; back_color=&#8220;color-758381&#8243; overlay_alpha=&#8220;50&#8243; shift_x=&#8220;0&#8243; shift_y=&#8220;0&#8243; shift_y_down=&#8220;0&#8243; z_index=&#8220;0&#8243; medium_width=&#8220;0&#8243; mobile_width=&#8220;0&#8243; width=&#8220;1\/2&#8243; uncode_shortcode_id=&#8220;198848&#8243; back_color_type=&#8220;uncode-palette&#8220;][vc_custom_heading text_color=&#8220;accent&#8220; heading_semantic=&#8220;h6&#8243; text_size=&#8220;fontsize-160000&#8243; text_transform=&#8220;uppercase&#8220; text_space=&#8220;fontspace-135905&#8243; uncode_shortcode_id=&#8220;582380&#8243; text_color_type=&#8220;uncode-palette&#8220;]Warum Sie mit mir zusammenarbeiten sollten[\/vc_custom_heading][vc_custom_heading text_color=&#8220;color-xsdn&#8220; heading_semantic=&#8220;h3&#8243; text_size=&#8220;fontsize-155944&#8243; uncode_shortcode_id=&#8220;263064&#8243; text_color_type=&#8220;uncode-palette&#8220;]Nicht nur Beratung.<br \/>\nEin Partner f\u00fcr Wachstum.[\/vc_custom_heading][vc_column_text text_lead=&#8220;yes&#8220; text_color=&#8220;color-xsdn&#8220; uncode_shortcode_id=&#8220;272769&#8243; text_color_type=&#8220;uncode-palette&#8220;]Mit einem Hintergrund in Ingenieurwesen (RWTH Aachen) und \u00fcber 10 Jahren Erfahrung im Aufbau digitaler Unternehmen verbinde ich strategisches Denken mit praktischer Umsetzung. Von KI-Pilotprojekten bis hin zu permanenten Team\u00fcberg\u00e4ngen &#8211; ich helfe Unternehmen, in ihre Technologie hineinzuwachsen.[\/vc_column_text][vc_button button_color=&#8220;color-907357&#8243; size=&#8220;btn-lg&#8220; radius=&#8220;btn-round&#8220; border_width=&#8220;0&#8243; link=&#8220;url:https%3A%2F%2Fwww.bitflinx.com%2Fde%2Fmeine-rolle-als-fractional-cto%2F|title:Meine%20Rolle%20als%20Fractional%20CTO&#8220; button_color_type=&#8220;uncode-palette&#8220; uncode_shortcode_id=&#8220;497704&#8243;]Meine Rolle als Fractional CTO[\/vc_button][\/vc_column][\/vc_row][vc_row][vc_column width=&#8220;1\/1&#8243;][uncode_block id=&#8220;148&#8243;][\/vc_column][\/vc_row]<\/p>\n<\/div>","protected":false},"excerpt":{"rendered":"<p>[vc_row unlock_row_content=&#8220;yes&#8220; row_height_percent=&#8220;0&#8243; override_padding=&#8220;yes&#8220; h_padding=&#8220;0&#8243; top_padding=&#8220;0&#8243; bottom_padding=&#8220;0&#8243; back_color=&#8220;accent&#8220; overlay_alpha=&#8220;50&#8243; equal_height=&#8220;yes&#8220; gutter_size=&#8220;0&#8243; column_width_percent=&#8220;100&#8243; shift_y=&#8220;0&#8243; z_index=&#8220;0&#8243; medium_visibility=&#8220;yes&#8220; mobile_visibility=&#8220;yes&#8220; inverted_device_order=&#8220;yes&#8220; content_parallax=&#8220;0&#8243; uncode_shortcode_id=&#8220;801259&#8243; back_color_type=&#8220;uncode-palette&#8220; [&hellip;]<\/p>\n","protected":false},"author":1,"featured_media":0,"parent":0,"menu_order":0,"comment_status":"closed","ping_status":"open","template":"","meta":{"_acf_changed":false,"footnotes":""},"class_list":["post-485","page","type-page","status-publish","hentry"],"acf":[],"_links":{"self":[{"href":"https:\/\/www.bitflinx.com\/de\/wp-json\/wp\/v2\/pages\/485","targetHints":{"allow":["GET"]}}],"collection":[{"href":"https:\/\/www.bitflinx.com\/de\/wp-json\/wp\/v2\/pages"}],"about":[{"href":"https:\/\/www.bitflinx.com\/de\/wp-json\/wp\/v2\/types\/page"}],"author":[{"embeddable":true,"href":"https:\/\/www.bitflinx.com\/de\/wp-json\/wp\/v2\/users\/1"}],"replies":[{"embeddable":true,"href":"https:\/\/www.bitflinx.com\/de\/wp-json\/wp\/v2\/comments?post=485"}],"version-history":[{"count":26,"href":"https:\/\/www.bitflinx.com\/de\/wp-json\/wp\/v2\/pages\/485\/revisions"}],"predecessor-version":[{"id":873,"href":"https:\/\/www.bitflinx.com\/de\/wp-json\/wp\/v2\/pages\/485\/revisions\/873"}],"wp:attachment":[{"href":"https:\/\/www.bitflinx.com\/de\/wp-json\/wp\/v2\/media?parent=485"}],"curies":[{"name":"wp","href":"https:\/\/api.w.org\/{rel}","templated":true}]}}