{"id":910,"date":"2025-09-25T09:33:47","date_gmt":"2025-09-25T07:33:47","guid":{"rendered":"https:\/\/www.bitflinx.com\/denker-macher\/"},"modified":"2025-11-13T15:28:18","modified_gmt":"2025-11-13T14:28:18","slug":"denker-macher","status":"publish","type":"page","link":"https:\/\/www.bitflinx.com\/de\/denker-macher\/","title":{"rendered":"Denker &amp; Macher"},"content":{"rendered":"<div class=\"wpb-content-wrapper\"><p>[vc_row unlock_row_content=&#8220;yes&#8220; row_height_percent=&#8220;0&#8243; override_padding=&#8220;yes&#8220; h_padding=&#8220;0&#8243; top_padding=&#8220;0&#8243; bottom_padding=&#8220;0&#8243; back_color=&#8220;color-xsdn&#8220; overlay_alpha=&#8220;50&#8243; equal_height=&#8220;yes&#8220; gutter_size=&#8220;0&#8243; column_width_percent=&#8220;100&#8243; shift_y=&#8220;0&#8243; z_index=&#8220;0&#8243; uncode_shortcode_id=&#8220;144785&#8243; back_color_type=&#8220;uncode-palette&#8220;][vc_column column_width_percent=&#8220;100&#8243; gutter_size=&#8220;3&#8243; override_padding=&#8220;yes&#8220; column_padding=&#8220;4&#8243; back_color=&#8220;color-907357&#8243; overlay_alpha=&#8220;50&#8243; shift_x=&#8220;0&#8243; shift_y=&#8220;0&#8243; shift_y_down=&#8220;0&#8243; z_index=&#8220;0&#8243; medium_width=&#8220;0&#8243; mobile_width=&#8220;0&#8243; width=&#8220;1\/1&#8243; uncode_shortcode_id=&#8220;724754&#8243; mobile_height=&#8220;400&#8243; back_color_type=&#8220;uncode-palette&#8220;][vc_custom_heading text_color=&#8220;color-xsdn&#8220; heading_semantic=&#8220;h1&#8243; text_size=&#8220;fontsize-338686&#8243; uncode_shortcode_id=&#8220;199036&#8243; text_color_type=&#8220;uncode-palette&#8220;]Denker &amp; Macher[\/vc_custom_heading][vc_column_text text_lead=&#8220;yes&#8220; text_color=&#8220;color-xsdn&#8220; uncode_shortcode_id=&#8220;165745&#8243; text_color_type=&#8220;uncode-palette&#8220;]Wir sind kein festes Team von Mitarbeitern, sondern ein vertrauensw\u00fcrdiger Kreis von Experten, die sich zusammentun, wann immer Ihr Projekt uns braucht. Jeder von uns bringt fundierte Erfahrungen aus den eigenen Fachgebieten mit. Gemeinsam decken wir jeden Winkel ab, um sicherzustellen, dass Ihr Projekt erfolgreich ist: von Technologie und Compliance bis hin zu Menschen und Prozessen.[\/vc_column_text][\/vc_column][\/vc_row][vc_row unlock_row_content=&#8220;yes&#8220; row_height_percent=&#8220;0&#8243; override_padding=&#8220;yes&#8220; h_padding=&#8220;0&#8243; top_padding=&#8220;0&#8243; bottom_padding=&#8220;0&#8243; back_color=&#8220;color-xsdn&#8220; overlay_alpha=&#8220;50&#8243; equal_height=&#8220;yes&#8220; gutter_size=&#8220;0&#8243; column_width_percent=&#8220;100&#8243; shift_y=&#8220;0&#8243; z_index=&#8220;0&#8243; uncode_shortcode_id=&#8220;144785&#8243; back_color_type=&#8220;uncode-palette&#8220;][vc_column column_width_percent=&#8220;100&#8243; gutter_size=&#8220;3&#8243; back_image=&#8220;451&#8243; back_position=&#8220;left top&#8220; overlay_alpha=&#8220;50&#8243; shift_x=&#8220;0&#8243; shift_y=&#8220;0&#8243; shift_y_down=&#8220;0&#8243; z_index=&#8220;0&#8243; medium_width=&#8220;0&#8243; mobile_width=&#8220;0&#8243; width=&#8220;1\/2&#8243; uncode_shortcode_id=&#8220;898236&#8243; mobile_height=&#8220;400&#8243;][\/vc_column][vc_column column_width_percent=&#8220;100&#8243; position_vertical=&#8220;middle&#8220; gutter_size=&#8220;4&#8243; override_padding=&#8220;yes&#8220; column_padding=&#8220;4&#8243; overlay_alpha=&#8220;50&#8243; shift_x=&#8220;0&#8243; shift_y=&#8220;0&#8243; shift_y_down=&#8220;0&#8243; z_index=&#8220;0&#8243; medium_width=&#8220;0&#8243; align_mobile=&#8220;align_center_mobile&#8220; mobile_width=&#8220;0&#8243; width=&#8220;1\/2&#8243; uncode_shortcode_id=&#8220;155893&#8243;][vc_custom_heading heading_semantic=&#8220;h3&#8243; text_size=&#8220;fontsize-155944&#8243; uncode_shortcode_id=&#8220;109424&#8243;]Florian Rockt\u00e4schel[\/vc_custom_heading][vc_custom_heading uncode_shortcode_id=&#8220;175216&#8243;]Fractional CTO f\u00fcr KI-Systeme &amp; digitale Produktentwicklung[\/vc_custom_heading][vc_row_inner row_inner_height_percent=&#8220;0&#8243; overlay_alpha=&#8220;50&#8243; gutter_size=&#8220;4&#8243; shift_y=&#8220;0&#8243; z_index=&#8220;0&#8243; uncode_shortcode_id=&#8220;201564&#8243; limit_content=&#8220;&#8220;][vc_column_inner column_width_percent=&#8220;100&#8243; gutter_size=&#8220;3&#8243; overlay_alpha=&#8220;50&#8243; shift_x=&#8220;0&#8243; shift_y=&#8220;0&#8243; shift_y_down=&#8220;0&#8243; z_index=&#8220;0&#8243; medium_width=&#8220;4&#8243; mobile_width=&#8220;0&#8243; width=&#8220;1\/1&#8243; uncode_shortcode_id=&#8220;162848&#8243;][vc_column_text text_lead=&#8220;yes&#8220; uncode_shortcode_id=&#8220;649340&#8243;]Mit \u00fcber 10 Jahren Erfahrung als CTO in verschiedenen Branchen verbindet Florian Engineering, IT und Wirtschaft. Er hat Unternehmen gegr\u00fcndet und skaliert, an kritischen Infrastrukturprojekten mitgearbeitet und Initiativen zur digitalen Transformation in KMUs und Konzernen geleitet.[\/vc_column_text][vc_column_text text_lead=&#8220;yes&#8220; uncode_shortcode_id=&#8220;105863&#8243;]<\/p>\n<ul>\n<li>Legt die technische Vision und Strategie fest.<\/li>\n<li>Richtet die Architektur an den Gesch\u00e4ftszielen aus.<\/li>\n<li>Gew\u00e4hrleistet Skalierbarkeit, Wartbarkeit und EU-Konformit\u00e4t.<\/li>\n<\/ul>\n<p>[\/vc_column_text][vc_column_text text_lead=&#8220;yes&#8220; uncode_shortcode_id=&#8220;194699&#8243;]Florian schl\u00e4gt die Br\u00fccke zwischen Strategie und Ausf\u00fchrung. Er sorgt daf\u00fcr, dass technische Entscheidungen das langfristige Wachstum unterst\u00fctzen und die Projekte gleichzeitig schlank und realistisch bleiben.[\/vc_column_text][vc_button button_color=&#8220;accent&#8220; size=&#8220;btn-lg&#8220; radius=&#8220;btn-round&#8220; border_width=&#8220;0&#8243; uncode_shortcode_id=&#8220;503736&#8243; link=&#8220;url:https%3A%2F%2Fflorian.bitflinx.com%2F|target:_blank|&#8220; button_color_type=&#8220;uncode-palette&#8220;]Mein LinkedIn-Profil ansehen[\/vc_button][\/vc_column_inner][\/vc_row_inner][\/vc_column][\/vc_row][vc_row unlock_row_content=&#8220;yes&#8220; row_height_percent=&#8220;0&#8243; override_padding=&#8220;yes&#8220; h_padding=&#8220;0&#8243; top_padding=&#8220;0&#8243; bottom_padding=&#8220;0&#8243; back_color=&#8220;color-xsdn&#8220; overlay_alpha=&#8220;50&#8243; equal_height=&#8220;yes&#8220; gutter_size=&#8220;0&#8243; column_width_percent=&#8220;100&#8243; shift_y=&#8220;0&#8243; z_index=&#8220;0&#8243; uncode_shortcode_id=&#8220;144785&#8243; back_color_type=&#8220;uncode-palette&#8220;][vc_column column_width_percent=&#8220;100&#8243; position_vertical=&#8220;middle&#8220; gutter_size=&#8220;4&#8243; override_padding=&#8220;yes&#8220; column_padding=&#8220;4&#8243; overlay_alpha=&#8220;50&#8243; shift_x=&#8220;0&#8243; shift_y=&#8220;0&#8243; shift_y_down=&#8220;0&#8243; z_index=&#8220;0&#8243; medium_width=&#8220;0&#8243; align_mobile=&#8220;align_center_mobile&#8220; mobile_width=&#8220;0&#8243; width=&#8220;1\/2&#8243; uncode_shortcode_id=&#8220;155893&#8243;][vc_custom_heading heading_semantic=&#8220;h3&#8243; text_size=&#8220;fontsize-155944&#8243; uncode_shortcode_id=&#8220;168820&#8243;]Laura Voinea[\/vc_custom_heading][vc_custom_heading uncode_shortcode_id=&#8220;170649&#8243;]Change Management &amp; Transformationsexpertin[\/vc_custom_heading][vc_row_inner row_inner_height_percent=&#8220;0&#8243; overlay_alpha=&#8220;50&#8243; gutter_size=&#8220;4&#8243; shift_y=&#8220;0&#8243; z_index=&#8220;0&#8243; uncode_shortcode_id=&#8220;201564&#8243; limit_content=&#8220;&#8220;][vc_column_inner column_width_percent=&#8220;100&#8243; gutter_size=&#8220;3&#8243; overlay_alpha=&#8220;50&#8243; shift_x=&#8220;0&#8243; shift_y=&#8220;0&#8243; shift_y_down=&#8220;0&#8243; z_index=&#8220;0&#8243; medium_width=&#8220;4&#8243; mobile_width=&#8220;0&#8243; width=&#8220;1\/1&#8243; uncode_shortcode_id=&#8220;162848&#8243;][vc_column_text text_lead=&#8220;yes&#8220; uncode_shortcode_id=&#8220;723161&#8243;]Laura hat Organisationen durch komplexe Ver\u00e4nderungsinitiativen gef\u00fchrt, von der Umstrukturierung bis zur digitalen Einf\u00fchrung. Ihre Karriere umfasst Beratung und praxisorientierte Projektleitung, wobei der Mensch immer im Mittelpunkt der Transformation steht.[\/vc_column_text][vc_column_text text_lead=&#8220;yes&#8220; uncode_shortcode_id=&#8220;191850&#8243;]<\/p>\n<ul>\n<li>Entwirft und f\u00fchrt Change-Management-Strategien aus.<\/li>\n<li>Gew\u00e4hrleistet die reibungslose Einf\u00fchrung neuer Technologien.<\/li>\n<li>Coacht F\u00fchrungskr\u00e4fte und Teams w\u00e4hrend \u00dcberg\u00e4ngen.<\/li>\n<\/ul>\n<p>[\/vc_column_text][vc_column_text text_lead=&#8220;yes&#8220; uncode_shortcode_id=&#8220;196482&#8243;]Laura sorgt daf\u00fcr, dass Innovation nicht nur auf dem Papier gut aussieht, sondern in der t\u00e4glichen Praxis tats\u00e4chlich funktioniert. Sie reduziert Widerst\u00e4nde, richtet Stakeholder aus und gestaltet neue Prozesse nachhaltig.[\/vc_column_text][vc_button button_color=&#8220;accent&#8220; size=&#8220;btn-lg&#8220; radius=&#8220;btn-round&#8220; border_width=&#8220;0&#8243; uncode_shortcode_id=&#8220;763015&#8243; link=&#8220;url:https%3A%2F%2Flaura.bitflinx.com%2F|target:_blank|&#8220; button_color_type=&#8220;uncode-palette&#8220;]Mein LinkedIn-Profil ansehen[\/vc_button][\/vc_column_inner][\/vc_row_inner][\/vc_column][vc_column column_width_percent=&#8220;100&#8243; gutter_size=&#8220;3&#8243; back_image=&#8220;887&#8243; back_position=&#8220;right top&#8220; overlay_alpha=&#8220;50&#8243; shift_x=&#8220;0&#8243; shift_y=&#8220;0&#8243; shift_y_down=&#8220;0&#8243; z_index=&#8220;0&#8243; medium_width=&#8220;0&#8243; mobile_width=&#8220;0&#8243; width=&#8220;1\/2&#8243; uncode_shortcode_id=&#8220;127229&#8243; mobile_height=&#8220;400&#8243;][\/vc_column][\/vc_row][vc_row unlock_row_content=&#8220;yes&#8220; row_height_percent=&#8220;0&#8243; override_padding=&#8220;yes&#8220; h_padding=&#8220;0&#8243; top_padding=&#8220;0&#8243; bottom_padding=&#8220;0&#8243; back_color=&#8220;color-xsdn&#8220; overlay_alpha=&#8220;50&#8243; equal_height=&#8220;yes&#8220; gutter_size=&#8220;0&#8243; column_width_percent=&#8220;100&#8243; shift_y=&#8220;0&#8243; z_index=&#8220;0&#8243; uncode_shortcode_id=&#8220;144785&#8243; back_color_type=&#8220;uncode-palette&#8220;][vc_column column_width_percent=&#8220;100&#8243; gutter_size=&#8220;3&#8243; back_image=&#8220;920&#8243; back_position=&#8220;left top&#8220; overlay_alpha=&#8220;50&#8243; shift_x=&#8220;0&#8243; shift_y=&#8220;0&#8243; shift_y_down=&#8220;0&#8243; z_index=&#8220;0&#8243; medium_width=&#8220;0&#8243; mobile_width=&#8220;0&#8243; width=&#8220;1\/2&#8243; uncode_shortcode_id=&#8220;121537&#8243; mobile_height=&#8220;400&#8243;][\/vc_column][vc_column column_width_percent=&#8220;100&#8243; position_vertical=&#8220;middle&#8220; gutter_size=&#8220;4&#8243; override_padding=&#8220;yes&#8220; column_padding=&#8220;4&#8243; overlay_alpha=&#8220;50&#8243; shift_x=&#8220;0&#8243; shift_y=&#8220;0&#8243; shift_y_down=&#8220;0&#8243; z_index=&#8220;0&#8243; medium_width=&#8220;0&#8243; align_mobile=&#8220;align_center_mobile&#8220; mobile_width=&#8220;0&#8243; width=&#8220;1\/2&#8243; uncode_shortcode_id=&#8220;155893&#8243;][vc_custom_heading heading_semantic=&#8220;h3&#8243; text_size=&#8220;fontsize-155944&#8243; uncode_shortcode_id=&#8220;250001&#8243;]Benjamin Kaulen[\/vc_custom_heading][vc_custom_heading uncode_shortcode_id=&#8220;532277&#8243;]Rechtsanwalt f\u00fcr Datenschutz, Compliance &amp; KI-Regulierung[\/vc_custom_heading][vc_row_inner row_inner_height_percent=&#8220;0&#8243; overlay_alpha=&#8220;50&#8243; gutter_size=&#8220;4&#8243; shift_y=&#8220;0&#8243; z_index=&#8220;0&#8243; uncode_shortcode_id=&#8220;201564&#8243; limit_content=&#8220;&#8220;][vc_column_inner column_width_percent=&#8220;100&#8243; gutter_size=&#8220;3&#8243; overlay_alpha=&#8220;50&#8243; shift_x=&#8220;0&#8243; shift_y=&#8220;0&#8243; shift_y_down=&#8220;0&#8243; z_index=&#8220;0&#8243; medium_width=&#8220;4&#8243; mobile_width=&#8220;0&#8243; width=&#8220;1\/1&#8243; uncode_shortcode_id=&#8220;162848&#8243;][vc_column_text text_lead=&#8220;yes&#8220; uncode_shortcode_id=&#8220;132271&#8243;]Benjamin verbindet juristische Pr\u00e4zision mit einem tiefen Verst\u00e4ndnis f\u00fcr Technologie. Mit \u00fcber acht Jahren Erfahrung unterst\u00fctzt er Unternehmen bei der Umsetzung komplexer Vorschriften &#8211; wie der DSGVO und dem kommenden EU AI Act &#8211; in praktische, zuverl\u00e4ssige Compliance-Frameworks.[\/vc_column_text][vc_column_text text_lead=&#8220;yes&#8220; uncode_shortcode_id=&#8220;129783&#8243;]<\/p>\n<ul>\n<li>Ber\u00e4t zu Datenschutz- und Compliance-Strategien.<\/li>\n<li>F\u00fchrt Organisationen durch KI-Governance und -Regulierung.<\/li>\n<li>Baut Strukturen auf, die rechtliche und betriebliche Anforderungen in Einklang bringen.<\/li>\n<\/ul>\n<p>[\/vc_column_text][vc_column_text text_lead=&#8220;yes&#8220; uncode_shortcode_id=&#8220;639140&#8243;]Er schl\u00e4gt die Br\u00fccke zwischen Recht und Technologie &#8211; und bietet Klarheit, wo Innovation auf Regulierung trifft. Benjamin sorgt daf\u00fcr, dass Datenschutz und Compliance nicht nur erf\u00fcllt, sondern in die Art und Weise integriert werden, wie Unternehmen ihre digitalen und KI-Systeme konzipieren und einsetzen.[\/vc_column_text][vc_button button_color=&#8220;accent&#8220; size=&#8220;btn-lg&#8220; radius=&#8220;btn-round&#8220; border_width=&#8220;0&#8243; uncode_shortcode_id=&#8220;135821&#8243; link=&#8220;url:https%3A%2F%2Fwww.linkedin.com%2Fin%2Fbenjamin-kaulen-a76019101%2F|target:_blank|&#8220; button_color_type=&#8220;uncode-palette&#8220;]Mein LinkedIn-Profil ansehen[\/vc_button][\/vc_column_inner][\/vc_row_inner][\/vc_column][\/vc_row][vc_row unlock_row_content=&#8220;yes&#8220; row_height_percent=&#8220;0&#8243; override_padding=&#8220;yes&#8220; h_padding=&#8220;0&#8243; top_padding=&#8220;0&#8243; bottom_padding=&#8220;0&#8243; back_color=&#8220;color-xsdn&#8220; overlay_alpha=&#8220;50&#8243; equal_height=&#8220;yes&#8220; gutter_size=&#8220;0&#8243; column_width_percent=&#8220;100&#8243; shift_y=&#8220;0&#8243; z_index=&#8220;0&#8243; uncode_shortcode_id=&#8220;144785&#8243; back_color_type=&#8220;uncode-palette&#8220;][vc_column column_width_percent=&#8220;100&#8243; position_vertical=&#8220;middle&#8220; gutter_size=&#8220;4&#8243; override_padding=&#8220;yes&#8220; column_padding=&#8220;4&#8243; overlay_alpha=&#8220;50&#8243; shift_x=&#8220;0&#8243; shift_y=&#8220;0&#8243; shift_y_down=&#8220;0&#8243; z_index=&#8220;0&#8243; medium_width=&#8220;0&#8243; align_mobile=&#8220;align_center_mobile&#8220; mobile_width=&#8220;0&#8243; width=&#8220;1\/2&#8243; uncode_shortcode_id=&#8220;155893&#8243;][vc_custom_heading heading_semantic=&#8220;h3&#8243; text_size=&#8220;fontsize-155944&#8243; uncode_shortcode_id=&#8220;133189&#8243;]Nadia Wiegand[\/vc_custom_heading][vc_custom_heading uncode_shortcode_id=&#8220;830353&#8243;]UX &amp; UI Designerin f\u00fcr intelligente digitale Erlebnisse[\/vc_custom_heading][vc_row_inner row_inner_height_percent=&#8220;0&#8243; overlay_alpha=&#8220;50&#8243; gutter_size=&#8220;4&#8243; shift_y=&#8220;0&#8243; z_index=&#8220;0&#8243; uncode_shortcode_id=&#8220;201564&#8243; limit_content=&#8220;&#8220;][vc_column_inner column_width_percent=&#8220;100&#8243; gutter_size=&#8220;3&#8243; overlay_alpha=&#8220;50&#8243; shift_x=&#8220;0&#8243; shift_y=&#8220;0&#8243; shift_y_down=&#8220;0&#8243; z_index=&#8220;0&#8243; medium_width=&#8220;4&#8243; mobile_width=&#8220;0&#8243; width=&#8220;1\/1&#8243; uncode_shortcode_id=&#8220;162848&#8243;][vc_column_text text_lead=&#8220;yes&#8220; uncode_shortcode_id=&#8220;373607&#8243;]Nadia verbindet Empathie, Pr\u00e4zision und Design Thinking, um digitale Reisen zu schaffen, die sich nat\u00fcrlich und zielgerichtet anf\u00fchlen. Ihre St\u00e4rke liegt darin, komplexe Gesch\u00e4ftsprozesse in intuitive, elegante Schnittstellen zu \u00fcbersetzen, die Benutzer bef\u00e4higen und das Komplizierte vereinfachen.[\/vc_column_text][vc_column_text text_lead=&#8220;yes&#8220; uncode_shortcode_id=&#8220;705005&#8243;]<\/p>\n<ul>\n<li>Gestaltet intuitive User Journeys und Interfaces.<\/li>\n<li>Wandelt Workflows in nahtlose digitale Erlebnisse um.<\/li>\n<li>Integriert KI, um adaptive, nutzerzentrierte Systeme zu schaffen.<\/li>\n<\/ul>\n<p>[\/vc_column_text][vc_column_text text_lead=&#8220;yes&#8220; uncode_shortcode_id=&#8220;191120&#8243;]Sie schl\u00e4gt die Br\u00fccke zwischen Kreativit\u00e4t und Struktur &#8211; und verwandelt Forschungserkenntnisse in Klarheit und Fluss. Indem sie Projekte vom Konzept bis zur Umsetzung begleitet, stellt Nadia sicher, dass jedes Detail der Benutzerfreundlichkeit, der \u00c4sthetik und der Bedeutung dient. Ihre Designs sehen nicht nur richtig aus &#8211; sie f\u00fchlen sich richtig an und erm\u00f6glichen intelligentere, menschlichere digitale Erlebnisse.[\/vc_column_text][vc_button button_color=&#8220;accent&#8220; size=&#8220;btn-lg&#8220; radius=&#8220;btn-round&#8220; border_width=&#8220;0&#8243; uncode_shortcode_id=&#8220;130733&#8243; link=&#8220;url:https%3A%2F%2Fwww.linkedin.com%2Fin%2Fnadia-wiegand%2F|target:_blank|&#8220; button_color_type=&#8220;uncode-palette&#8220;]Mein LinkedIn-Profil ansehen[\/vc_button][\/vc_column_inner][\/vc_row_inner][\/vc_column][vc_column column_width_percent=&#8220;100&#8243; gutter_size=&#8220;3&#8243; back_image=&#8220;903&#8243; back_position=&#8220;right top&#8220; overlay_alpha=&#8220;50&#8243; shift_x=&#8220;0&#8243; shift_y=&#8220;0&#8243; shift_y_down=&#8220;0&#8243; z_index=&#8220;0&#8243; medium_width=&#8220;0&#8243; mobile_width=&#8220;0&#8243; width=&#8220;1\/2&#8243; uncode_shortcode_id=&#8220;480507&#8243; mobile_height=&#8220;400&#8243;][\/vc_column][\/vc_row][vc_row unlock_row_content=&#8220;yes&#8220; row_height_percent=&#8220;0&#8243; override_padding=&#8220;yes&#8220; h_padding=&#8220;0&#8243; top_padding=&#8220;0&#8243; bottom_padding=&#8220;0&#8243; back_color=&#8220;color-xsdn&#8220; overlay_alpha=&#8220;50&#8243; equal_height=&#8220;yes&#8220; gutter_size=&#8220;0&#8243; column_width_percent=&#8220;100&#8243; shift_y=&#8220;0&#8243; z_index=&#8220;0&#8243; uncode_shortcode_id=&#8220;144785&#8243; back_color_type=&#8220;uncode-palette&#8220;][vc_column column_width_percent=&#8220;100&#8243; gutter_size=&#8220;3&#8243; back_image=&#8220;454&#8243; overlay_alpha=&#8220;50&#8243; shift_x=&#8220;0&#8243; shift_y=&#8220;0&#8243; shift_y_down=&#8220;0&#8243; z_index=&#8220;0&#8243; medium_width=&#8220;0&#8243; mobile_width=&#8220;0&#8243; width=&#8220;1\/2&#8243; uncode_shortcode_id=&#8220;752789&#8243; mobile_height=&#8220;400&#8243;][\/vc_column][vc_column column_width_percent=&#8220;100&#8243; position_vertical=&#8220;middle&#8220; gutter_size=&#8220;4&#8243; override_padding=&#8220;yes&#8220; column_padding=&#8220;4&#8243; overlay_alpha=&#8220;50&#8243; shift_x=&#8220;0&#8243; shift_y=&#8220;0&#8243; shift_y_down=&#8220;0&#8243; z_index=&#8220;0&#8243; medium_width=&#8220;0&#8243; align_mobile=&#8220;align_center_mobile&#8220; mobile_width=&#8220;0&#8243; width=&#8220;1\/2&#8243; uncode_shortcode_id=&#8220;155893&#8243;][vc_custom_heading heading_semantic=&#8220;h3&#8243; text_size=&#8220;fontsize-155944&#8243; uncode_shortcode_id=&#8220;565857&#8243;]Warum dieser Kreis wichtig ist[\/vc_custom_heading][vc_column_text text_lead=&#8220;yes&#8220; uncode_shortcode_id=&#8220;152774&#8243;]Hinter jedem erfolgreichen Projekt steckt mehr als nur Code oder eine clevere Idee. Es geht darum, die richtige Expertise zur richtigen Zeit zu verbinden. Deshalb kombinieren wir Strategie, Compliance, Change Management und praxisorientierte Tech-F\u00fchrung in einem Kreis von vertrauensw\u00fcrdigen Experten.<\/p>\n<p>Mit diesem Setup erhalten Sie nicht nur ein Produkt geliefert, sondern eine L\u00f6sung, die in der Praxis funktioniert, regulatorische Standards erf\u00fcllt und mit Ihrem Unternehmen wachsen kann. Unser Ziel ist es, sicherzustellen, dass Projekte nicht nur gebaut, sondern erfolgreich sind, skaliert werden und Bestand haben.[\/vc_column_text][vc_button button_color=&#8220;accent&#8220; size=&#8220;btn-lg&#8220; radius=&#8220;btn-round&#8220; border_width=&#8220;0&#8243; uncode_shortcode_id=&#8220;120087&#8243; link=&#8220;url:https%3A%2F%2Fwww.bitflinx.com%2Fsolutions|title:Unsere%20L%C3%B6sungen%20ansehen|target:_blank|&#8220; button_color_type=&#8220;uncode-palette&#8220;]Unsere L\u00f6sungen[\/vc_button][\/vc_column][\/vc_row][vc_row][vc_column width=&#8220;1\/1&#8243;][uncode_block id=&#8220;148&#8243;][\/vc_column][\/vc_row]<\/p>\n<\/div>","protected":false},"excerpt":{"rendered":"<p>[vc_row unlock_row_content=&#8220;yes&#8220; row_height_percent=&#8220;0&#8243; override_padding=&#8220;yes&#8220; h_padding=&#8220;0&#8243; top_padding=&#8220;0&#8243; bottom_padding=&#8220;0&#8243; back_color=&#8220;color-xsdn&#8220; overlay_alpha=&#8220;50&#8243; equal_height=&#8220;yes&#8220; gutter_size=&#8220;0&#8243; column_width_percent=&#8220;100&#8243; shift_y=&#8220;0&#8243; z_index=&#8220;0&#8243; uncode_shortcode_id=&#8220;144785&#8243; back_color_type=&#8220;uncode-palette&#8220;][vc_column column_width_percent=&#8220;100&#8243; gutter_size=&#8220;3&#8243; override_padding=&#8220;yes&#8220; column_padding=&#8220;4&#8243; [&hellip;]<\/p>\n","protected":false},"author":1,"featured_media":0,"parent":0,"menu_order":0,"comment_status":"closed","ping_status":"closed","template":"","meta":{"_acf_changed":false,"footnotes":""},"class_list":["post-910","page","type-page","status-publish","hentry"],"acf":[],"_links":{"self":[{"href":"https:\/\/www.bitflinx.com\/de\/wp-json\/wp\/v2\/pages\/910","targetHints":{"allow":["GET"]}}],"collection":[{"href":"https:\/\/www.bitflinx.com\/de\/wp-json\/wp\/v2\/pages"}],"about":[{"href":"https:\/\/www.bitflinx.com\/de\/wp-json\/wp\/v2\/types\/page"}],"author":[{"embeddable":true,"href":"https:\/\/www.bitflinx.com\/de\/wp-json\/wp\/v2\/users\/1"}],"replies":[{"embeddable":true,"href":"https:\/\/www.bitflinx.com\/de\/wp-json\/wp\/v2\/comments?post=910"}],"version-history":[{"count":9,"href":"https:\/\/www.bitflinx.com\/de\/wp-json\/wp\/v2\/pages\/910\/revisions"}],"predecessor-version":[{"id":923,"href":"https:\/\/www.bitflinx.com\/de\/wp-json\/wp\/v2\/pages\/910\/revisions\/923"}],"wp:attachment":[{"href":"https:\/\/www.bitflinx.com\/de\/wp-json\/wp\/v2\/media?parent=910"}],"curies":[{"name":"wp","href":"https:\/\/api.w.org\/{rel}","templated":true}]}}